{"id":9543,"date":"2025-11-24T16:26:26","date_gmt":"2025-11-24T13:26:26","guid":{"rendered":"https:\/\/sivilhavacilik.avrasya.edu.tr\/?page_id=9543"},"modified":"2025-11-24T16:26:27","modified_gmt":"2025-11-24T13:26:27","slug":"program-ogrenim-ciktilari","status":"publish","type":"page","link":"https:\/\/sivilhavacilik.avrasya.edu.tr\/?page_id=9543","title":{"rendered":"Program \u00d6\u011frenim \u00c7\u0131kt\u0131lar\u0131"},"content":{"rendered":"","protected":false},"excerpt":{"rendered":"","protected":false},"author":1,"featured_media":0,"parent":0,"menu_order":0,"comment_status":"closed","ping_status":"closed","template":"","meta":{"footnotes":""},"class_list":["post-9543","page","type-page","status-publish","hentry"],"_links":{"self":[{"href":"https:\/\/sivilhavacilik.avrasya.edu.tr\/index.php?rest_route=\/wp\/v2\/pages\/9543","targetHints":{"allow":["GET"]}}],"collection":[{"href":"https:\/\/sivilhavacilik.avrasya.edu.tr\/index.php?rest_route=\/wp\/v2\/pages"}],"about":[{"href":"https:\/\/sivilhavacilik.avrasya.edu.tr\/index.php?rest_route=\/wp\/v2\/types\/page"}],"author":[{"embeddable":true,"href":"https:\/\/sivilhavacilik.avrasya.edu.tr\/index.php?rest_route=\/wp\/v2\/users\/1"}],"replies":[{"embeddable":true,"href":"https:\/\/sivilhavacilik.avrasya.edu.tr\/index.php?rest_route=%2Fwp%2Fv2%2Fcomments&post=9543"}],"version-history":[{"count":2,"href":"https:\/\/sivilhavacilik.avrasya.edu.tr\/index.php?rest_route=\/wp\/v2\/pages\/9543\/revisions"}],"predecessor-version":[{"id":9545,"href":"https:\/\/sivilhavacilik.avrasya.edu.tr\/index.php?rest_route=\/wp\/v2\/pages\/9543\/revisions\/9545"}],"wp:attachment":[{"href":"https:\/\/sivilhavacilik.avrasya.edu.tr\/index.php?rest_route=%2Fwp%2Fv2%2Fmedia&parent=9543"}],"curies":[{"name":"wp","href":"https:\/\/api.w.org\/{rel}","templated":true}]}}