{"id":9396,"date":"2025-10-15T14:48:41","date_gmt":"2025-10-15T11:48:41","guid":{"rendered":"https:\/\/sivilhavacilik.avrasya.edu.tr\/?page_id=9396"},"modified":"2025-10-23T16:20:50","modified_gmt":"2025-10-23T13:20:50","slug":"komisyon-sorumlular","status":"publish","type":"page","link":"https:\/\/sivilhavacilik.avrasya.edu.tr\/?page_id=9396","title":{"rendered":"Komisyon \/ Sorumlular"},"content":{"rendered":"\n<p><strong>\u0130ntibak Komisyonu<\/strong><br>\u00d6\u011fr. G\u00f6r.Halime ALTUNI\u015eIK<br>\u00d6\u011fr. G\u00f6r. Merve \u00dcNL\u00dc<br>\u00d6\u011fr. G\u00f6r. \u0130linay G\u00dcLL\u00dc<br><strong>De\u011fi\u015fim Program\u0131 Sorumlusu<\/strong><br>\u00d6\u011fr. G\u00f6r. \u0130linay G\u00dcLL\u00dc<br><strong>Stratejik Plan\/B\u0130DR Sorumlusu<\/strong><br>\u00d6\u011fr. G\u00f6r. Merve \u00dcNL\u00dc<br><strong>Proje Sorumlusu<\/strong><br>\u00d6\u011fr. G\u00f6r. Merve \u00dcNL\u00dc<br><strong>Mezun \u0130zleme Sorumlusu<\/strong><br>\u00d6\u011fr. G\u00f6r. Halime ALTUNI\u015eIK<\/p>\n","protected":false},"excerpt":{"rendered":"<p>\u0130ntibak Komisyonu\u00d6\u011fr. G\u00f6r.Halime ALTUNI\u015eIK\u00d6\u011fr. G\u00f6r. Merve \u00dcNL\u00dc\u00d6\u011fr. G\u00f6r. \u0130linay G\u00dcLL\u00dcDe\u011fi\u015fim Program\u0131 Sorumlusu\u00d6\u011fr. G\u00f6r. \u0130linay G\u00dcLL\u00dcStratejik Plan\/B\u0130DR Sorumlusu\u00d6\u011fr. G\u00f6r. Merve \u00dcNL\u00dcProje Sorumlusu\u00d6\u011fr. G\u00f6r. Merve \u00dcNL\u00dcMezun \u0130zleme Sorumlusu\u00d6\u011fr. G\u00f6r. Halime ALTUNI\u015eIK<\/p>\n","protected":false},"author":1,"featured_media":0,"parent":0,"menu_order":0,"comment_status":"closed","ping_status":"closed","template":"","meta":{"footnotes":""},"class_list":["post-9396","page","type-page","status-publish","hentry"],"_links":{"self":[{"href":"https:\/\/sivilhavacilik.avrasya.edu.tr\/index.php?rest_route=\/wp\/v2\/pages\/9396","targetHints":{"allow":["GET"]}}],"collection":[{"href":"https:\/\/sivilhavacilik.avrasya.edu.tr\/index.php?rest_route=\/wp\/v2\/pages"}],"about":[{"href":"https:\/\/sivilhavacilik.avrasya.edu.tr\/index.php?rest_route=\/wp\/v2\/types\/page"}],"author":[{"embeddable":true,"href":"https:\/\/sivilhavacilik.avrasya.edu.tr\/index.php?rest_route=\/wp\/v2\/users\/1"}],"replies":[{"embeddable":true,"href":"https:\/\/sivilhavacilik.avrasya.edu.tr\/index.php?rest_route=%2Fwp%2Fv2%2Fcomments&post=9396"}],"version-history":[{"count":5,"href":"https:\/\/sivilhavacilik.avrasya.edu.tr\/index.php?rest_route=\/wp\/v2\/pages\/9396\/revisions"}],"predecessor-version":[{"id":9505,"href":"https:\/\/sivilhavacilik.avrasya.edu.tr\/index.php?rest_route=\/wp\/v2\/pages\/9396\/revisions\/9505"}],"wp:attachment":[{"href":"https:\/\/sivilhavacilik.avrasya.edu.tr\/index.php?rest_route=%2Fwp%2Fv2%2Fmedia&parent=9396"}],"curies":[{"name":"wp","href":"https:\/\/api.w.org\/{rel}","templated":true}]}}